{"id":494,"date":"2025-03-27T13:10:07","date_gmt":"2025-03-27T13:10:07","guid":{"rendered":"https:\/\/gualtieristudio.it\/?page_id=494"},"modified":"2025-03-27T13:10:21","modified_gmt":"2025-03-27T13:10:21","slug":"494-2","status":"publish","type":"page","link":"https:\/\/gualtieristudio.it\/index.php\/494-2\/","title":{"rendered":"Revisore Legale"},"content":{"rendered":"\n<p>Siamo professionisti specializzati nella revisione contabile e nel controllo dei bilanci, garantendo trasparenza e affidabilit\u00e0 per la tua azienda. La nostra missione \u00e8 fornire un servizio imparziale e altamente qualificato per assicurare la conformit\u00e0 alle normative vigenti.<\/p>\n\n\n\n<p><strong>Cosa offriamo<\/strong><\/p>\n\n\n\n<ul class=\"wp-block-list\">\n<li>Verifica dei bilanci: Controlliamo e certifichiamo i bilanci aziendali per garantirne la correttezza.<\/li>\n\n\n\n<li>Revisione contabile: Un\u2019analisi approfondita dei conti per assicurare una gestione finanziaria trasparente.<\/li>\n\n\n\n<li>Consulenza: Offriamo supporto su normative contabili e aspetti fiscali.<\/li>\n\n\n\n<li>Certificazione: Assicuriamo una revisione legale affidabile, fondamentale per la crescita e la credibilit\u00e0 della tua impresa.<\/li>\n<\/ul>\n\n\n\n<p><strong>Perch\u00e9 scegliere noi<\/strong> Scegliere un revisore legale non significa solo rispettare gli obblighi di legge, ma investire nella sicurezza economica e nella reputazione della tua azienda. Con anni di esperienza nel settore e una dedizione alla professionalit\u00e0, siamo il partner ideale per garantirti tranquillit\u00e0 e successo.<\/p>\n\n\n\n<div class=\"wp-block-columns is-layout-flex wp-container-core-columns-is-layout-9d6595d7 wp-block-columns-is-layout-flex\">\n<div class=\"wp-block-column is-layout-flow wp-block-column-is-layout-flow\"><\/div>\n\n\n\n<div class=\"wp-block-column is-layout-flow wp-block-column-is-layout-flow\"><\/div>\n\n\n\n<div class=\"wp-block-column is-layout-flow wp-block-column-is-layout-flow\">\n<div class=\"wp-block-buttons is-layout-flex wp-block-buttons-is-layout-flex\">\n<div class=\"wp-block-button\"><a class=\"wp-block-button__link wp-element-button\" href=\"https:\/\/gualtieristudio.it\/index.php\/contact\/\">Contattaci<\/a><\/div>\n<\/div>\n<\/div>\n<\/div>\n\n\n\n<p><\/p>\n","protected":false},"excerpt":{"rendered":"<p>Siamo professionisti specializzati nella revisione contabile e nel controllo dei bilanci, garantendo trasparenza e affidabilit\u00e0 per la tua azienda. La nostra missione \u00e8 fornire un servizio imparziale e altamente qualificato&hellip;<\/p>\n","protected":false},"author":1,"featured_media":412,"parent":0,"menu_order":0,"comment_status":"closed","ping_status":"closed","template":"","meta":{"footnotes":""},"class_list":["post-494","page","type-page","status-publish","has-post-thumbnail","hentry"],"_links":{"self":[{"href":"https:\/\/gualtieristudio.it\/index.php\/wp-json\/wp\/v2\/pages\/494","targetHints":{"allow":["GET"]}}],"collection":[{"href":"https:\/\/gualtieristudio.it\/index.php\/wp-json\/wp\/v2\/pages"}],"about":[{"href":"https:\/\/gualtieristudio.it\/index.php\/wp-json\/wp\/v2\/types\/page"}],"author":[{"embeddable":true,"href":"https:\/\/gualtieristudio.it\/index.php\/wp-json\/wp\/v2\/users\/1"}],"replies":[{"embeddable":true,"href":"https:\/\/gualtieristudio.it\/index.php\/wp-json\/wp\/v2\/comments?post=494"}],"version-history":[{"count":2,"href":"https:\/\/gualtieristudio.it\/index.php\/wp-json\/wp\/v2\/pages\/494\/revisions"}],"predecessor-version":[{"id":497,"href":"https:\/\/gualtieristudio.it\/index.php\/wp-json\/wp\/v2\/pages\/494\/revisions\/497"}],"wp:featuredmedia":[{"embeddable":true,"href":"https:\/\/gualtieristudio.it\/index.php\/wp-json\/wp\/v2\/media\/412"}],"wp:attachment":[{"href":"https:\/\/gualtieristudio.it\/index.php\/wp-json\/wp\/v2\/media?parent=494"}],"curies":[{"name":"wp","href":"https:\/\/api.w.org\/{rel}","templated":true}]}}