{"id":528,"date":"2025-03-27T13:18:16","date_gmt":"2025-03-27T13:18:16","guid":{"rendered":"https:\/\/gualtieristudio.it\/?page_id=528"},"modified":"2025-03-27T13:18:16","modified_gmt":"2025-03-27T13:18:16","slug":"consulente-del-lavoro","status":"publish","type":"page","link":"https:\/\/gualtieristudio.it\/index.php\/consulente-del-lavoro\/","title":{"rendered":"Consulente Del Lavoro"},"content":{"rendered":"\n<p><strong>Chi \u00e8 il Consulente del Lavoro?<\/strong> Il Consulente del Lavoro \u00e8 un professionista qualificato che offre assistenza tecnica e giuridica in ambito lavorativo, fiscale e previdenziale. \u00c8 un esperto nella gestione del personale e nella risoluzione di problematiche legate al mondo del lavoro, sia per aziende che per lavoratori autonomi.<\/p>\n\n\n\n<p><strong>Servizi Offerti<\/strong><\/p>\n\n\n\n<ul class=\"wp-block-list\">\n<li><strong>Amministrazione del personale<\/strong>: Gestione delle assunzioni, dei contratti, delle buste paga e degli adempimenti previdenziali.<\/li>\n\n\n\n<li><strong>Consulenza giuslavoristica<\/strong>: Supporto legale per questioni contrattuali e normative del lavoro.<\/li>\n\n\n\n<li><strong>Gestione contenziosi<\/strong>: Assistenza per risolvere controversie tra datore di lavoro e dipendenti.<\/li>\n\n\n\n<li><strong>Ottimizzazione fiscale e previdenziale<\/strong>: Pianificazione per minimizzare i costi e massimizzare la sicurezza contributiva.<\/li>\n\n\n\n<li><strong>Formazione del personale<\/strong>: Supporto per lo sviluppo delle competenze dei dipendenti.<\/li>\n<\/ul>\n\n\n\n<p><strong>Perch\u00e9 affidarsi a un Consulente del Lavoro?<\/strong> Con la loro conoscenza approfondita della normativa e l\u2019esperienza pratica, i consulenti del lavoro assicurano soluzioni efficaci e personalizzate per ogni realt\u00e0 aziendale. Scegliere un consulente del lavoro significa investire nella gestione responsabile e strategica delle risorse umane.<\/p>\n\n\n\n<div class=\"wp-block-columns is-layout-flex wp-container-core-columns-is-layout-9d6595d7 wp-block-columns-is-layout-flex\">\n<div class=\"wp-block-column is-layout-flow wp-block-column-is-layout-flow\"><\/div>\n\n\n\n<div class=\"wp-block-column is-layout-flow wp-block-column-is-layout-flow\"><\/div>\n\n\n\n<div class=\"wp-block-column is-layout-flow wp-block-column-is-layout-flow\">\n<div class=\"wp-block-buttons is-layout-flex wp-block-buttons-is-layout-flex\">\n<div class=\"wp-block-button\"><a class=\"wp-block-button__link wp-element-button\" href=\"https:\/\/gualtieristudio.it\/index.php\/contact\/\">Contattaci<\/a><\/div>\n<\/div>\n<\/div>\n<\/div>\n","protected":false},"excerpt":{"rendered":"<p>Chi \u00e8 il Consulente del Lavoro? Il Consulente del Lavoro \u00e8 un professionista qualificato che offre assistenza tecnica e giuridica in ambito lavorativo, fiscale e previdenziale. \u00c8 un esperto nella&hellip;<\/p>\n","protected":false},"author":1,"featured_media":0,"parent":0,"menu_order":0,"comment_status":"closed","ping_status":"closed","template":"","meta":{"footnotes":""},"class_list":["post-528","page","type-page","status-publish","hentry"],"_links":{"self":[{"href":"https:\/\/gualtieristudio.it\/index.php\/wp-json\/wp\/v2\/pages\/528","targetHints":{"allow":["GET"]}}],"collection":[{"href":"https:\/\/gualtieristudio.it\/index.php\/wp-json\/wp\/v2\/pages"}],"about":[{"href":"https:\/\/gualtieristudio.it\/index.php\/wp-json\/wp\/v2\/types\/page"}],"author":[{"embeddable":true,"href":"https:\/\/gualtieristudio.it\/index.php\/wp-json\/wp\/v2\/users\/1"}],"replies":[{"embeddable":true,"href":"https:\/\/gualtieristudio.it\/index.php\/wp-json\/wp\/v2\/comments?post=528"}],"version-history":[{"count":1,"href":"https:\/\/gualtieristudio.it\/index.php\/wp-json\/wp\/v2\/pages\/528\/revisions"}],"predecessor-version":[{"id":529,"href":"https:\/\/gualtieristudio.it\/index.php\/wp-json\/wp\/v2\/pages\/528\/revisions\/529"}],"wp:attachment":[{"href":"https:\/\/gualtieristudio.it\/index.php\/wp-json\/wp\/v2\/media?parent=528"}],"curies":[{"name":"wp","href":"https:\/\/api.w.org\/{rel}","templated":true}]}}