{"id":532,"date":"2025-03-27T13:23:53","date_gmt":"2025-03-27T13:23:53","guid":{"rendered":"https:\/\/gualtieristudio.it\/?page_id=532"},"modified":"2025-03-27T13:23:53","modified_gmt":"2025-03-27T13:23:53","slug":"consulente-fiscale","status":"publish","type":"page","link":"https:\/\/gualtieristudio.it\/index.php\/consulente-fiscale\/","title":{"rendered":"Consulente Fiscale"},"content":{"rendered":"\n<p>La <strong>consulenza fiscale<\/strong> \u00e8 un servizio professionale mirato a supportare aziende, professionisti e privati nella gestione degli aspetti fiscali e tributari, garantendo conformit\u00e0 alle normative vigenti e ottimizzazione della situazione fiscale.<\/p>\n\n\n\n<h3 class=\"wp-block-heading\">Principali ambiti di intervento:<\/h3>\n\n\n\n<ul class=\"wp-block-list\">\n<li><strong>Pianificazione fiscale<\/strong>: Studio e applicazione delle strategie migliori per ridurre il carico fiscale nel rispetto delle normative.<\/li>\n\n\n\n<li><strong>Gestione delle dichiarazioni fiscali<\/strong>: Preparazione e presentazione di dichiarazioni dei redditi, IVA, e altri adempimenti fiscali obbligatori.<\/li>\n\n\n\n<li><strong>Assistenza nei rapporti con l\u2019Agenzia delle Entrate<\/strong>: Supporto nella risoluzione di controversie, richieste di rimborso, rateizzazioni e controllo dei tributi.<\/li>\n\n\n\n<li><strong>Analisi delle agevolazioni fiscali<\/strong>: Identificazione di incentivi, crediti d&#8217;imposta o altri strumenti per il risparmio fiscale.<\/li>\n\n\n\n<li><strong>Supporto in caso di controlli fiscali<\/strong>: Preparazione e assistenza durante verifiche e accertamenti.<\/li>\n<\/ul>\n\n\n\n<h3 class=\"wp-block-heading\">Perch\u00e9 rivolgersi a un consulente fiscale?<\/h3>\n\n\n\n<p>Un consulente fiscale esperto aiuta a semplificare la gestione delle imposte, riducendo il rischio di errori e sanzioni, oltre a individuare opportunit\u00e0 per ottimizzare il carico fiscale. \u00c8 un partner essenziale per garantire serenit\u00e0 e conformit\u00e0 fiscale.<\/p>\n\n\n\n<div class=\"wp-block-columns is-layout-flex wp-container-core-columns-is-layout-9d6595d7 wp-block-columns-is-layout-flex\">\n<div class=\"wp-block-column is-layout-flow wp-block-column-is-layout-flow\"><\/div>\n\n\n\n<div class=\"wp-block-column is-layout-flow wp-block-column-is-layout-flow\"><\/div>\n\n\n\n<div class=\"wp-block-column is-layout-flow wp-block-column-is-layout-flow\">\n<div class=\"wp-block-buttons is-layout-flex wp-block-buttons-is-layout-flex\">\n<div class=\"wp-block-button\"><a class=\"wp-block-button__link wp-element-button\" href=\"https:\/\/gualtieristudio.it\/index.php\/contact\/\">Contattaci<\/a><\/div>\n<\/div>\n<\/div>\n<\/div>\n","protected":false},"excerpt":{"rendered":"<p>La consulenza fiscale \u00e8 un servizio professionale mirato a supportare aziende, professionisti e privati nella gestione degli aspetti fiscali e tributari, garantendo conformit\u00e0 alle normative vigenti e ottimizzazione della situazione&hellip;<\/p>\n","protected":false},"author":1,"featured_media":0,"parent":0,"menu_order":0,"comment_status":"closed","ping_status":"closed","template":"","meta":{"footnotes":""},"class_list":["post-532","page","type-page","status-publish","hentry"],"_links":{"self":[{"href":"https:\/\/gualtieristudio.it\/index.php\/wp-json\/wp\/v2\/pages\/532","targetHints":{"allow":["GET"]}}],"collection":[{"href":"https:\/\/gualtieristudio.it\/index.php\/wp-json\/wp\/v2\/pages"}],"about":[{"href":"https:\/\/gualtieristudio.it\/index.php\/wp-json\/wp\/v2\/types\/page"}],"author":[{"embeddable":true,"href":"https:\/\/gualtieristudio.it\/index.php\/wp-json\/wp\/v2\/users\/1"}],"replies":[{"embeddable":true,"href":"https:\/\/gualtieristudio.it\/index.php\/wp-json\/wp\/v2\/comments?post=532"}],"version-history":[{"count":1,"href":"https:\/\/gualtieristudio.it\/index.php\/wp-json\/wp\/v2\/pages\/532\/revisions"}],"predecessor-version":[{"id":533,"href":"https:\/\/gualtieristudio.it\/index.php\/wp-json\/wp\/v2\/pages\/532\/revisions\/533"}],"wp:attachment":[{"href":"https:\/\/gualtieristudio.it\/index.php\/wp-json\/wp\/v2\/media?parent=532"}],"curies":[{"name":"wp","href":"https:\/\/api.w.org\/{rel}","templated":true}]}}